{"id":817,"date":"2014-07-24T13:23:21","date_gmt":"2014-07-24T12:23:21","guid":{"rendered":"http:\/\/masques.quentagnes.org\/?page_id=817"},"modified":"2022-01-24T11:02:43","modified_gmt":"2022-01-24T10:02:43","slug":"agenda-des-parties","status":"publish","type":"page","link":"https:\/\/masques.quentagnes.org\/","title":{"rendered":"Agenda des parties"},"content":{"rendered":"<p><span style=\"color: #ff0000; font-family: 'comic sans ms', sans-serif; font-size: 12pt\">En rouge, en attente de validation<\/span><br \/>\n<span style=\"color: #008000; font-family: 'comic sans ms', sans-serif; font-size: 12pt\"> En vert, valid\u00e9es \u00e0 venir<\/span><br \/>\n<span style=\"color: #0000ff; font-family: 'comic sans ms', sans-serif; font-size: 12pt\"> En bleu, pass\u00e9es&nbsp;<\/span><\/p>\n<ul>\n<li><\/li>\n<li><span style=\"color: #0000ff; font-family: 'comic sans ms', sans-serif; font-size: 12pt\">016 &#8211; 29\/08\/2014<\/span><\/li>\n<li><span style=\"color: #0000ff; font-family: 'comic sans ms', sans-serif; font-size: 12pt\">015 &#8211; 25\/07\/2014<\/span><\/li>\n<li><span style=\"color: #0000ff; font-family: 'comic sans ms', sans-serif; font-size: 12pt\">014 &#8211; 11\/04\/2014<\/span><\/li>\n<li><span style=\"color: #0000ff; font-family: 'comic sans ms', sans-serif; font-size: 12pt\">013 &#8211; 07\/03\/2014<\/span><\/li>\n<li><span style=\"color: #0000ff; font-family: 'comic sans ms', sans-serif; font-size: 12pt\">012 &#8211; 28\/02\/2014<\/span><\/li>\n<li><span style=\"color: #0000ff; font-family: 'comic sans ms', sans-serif; font-size: 12pt\">011 &#8211; 31\/01\/2014<\/span><\/li>\n<li><span style=\"color: #0000ff; font-family: 'comic sans ms', sans-serif; font-size: 12pt\">010 &#8211; 24\/01\/2014<\/span><\/li>\n<li><span style=\"color: #0000ff; font-family: 'comic sans ms', sans-serif; font-size: 12pt\">009 &#8211; 13\/12\/2013<\/span><\/li>\n<li><span style=\"color: #0000ff; font-family: 'comic sans ms', sans-serif; font-size: 12pt\">008 &#8211; 08\/11\/2013<\/span><\/li>\n<li><span style=\"color: #0000ff; font-family: 'comic sans ms', sans-serif; font-size: 12pt\">007 &#8211; 06\/09\/2013<\/span><\/li>\n<li><span style=\"color: #0000ff; font-family: 'comic sans ms', sans-serif; font-size: 12pt\">006 &#8211; 19\/07\/2013<\/span><\/li>\n<li><span style=\"color: #0000ff; font-family: 'comic sans ms', sans-serif; font-size: 12pt\">005 &#8211; 14\/06\/2013<\/span><\/li>\n<li><span style=\"color: #0000ff; font-family: 'comic sans ms', sans-serif; font-size: 12pt\">004 &#8211; 19\/04\/2013<\/span><\/li>\n<li><span style=\"color: #0000ff; font-family: 'comic sans ms', sans-serif; font-size: 12pt\">003 &#8211; 01\/02\/2013<\/span><\/li>\n<li><span style=\"color: #0000ff; font-family: 'comic sans ms', sans-serif; font-size: 12pt\">002 &#8211; 04\/01\/2013<\/span><\/li>\n<li><span style=\"color: #0000ff; font-family: 'comic sans ms', sans-serif; font-size: 12pt\">001 &#8211; 15\/12\/2012<\/span><\/li>\n<\/ul>\n","protected":false},"excerpt":{"rendered":"<p>En rouge, en attente de validation En vert, valid\u00e9es \u00e0 venir En bleu, pass\u00e9es&nbsp; 016 &#8211; 29\/08\/2014 015 &#8211; 25\/07\/2014 014 &#8211; 11\/04\/2014 013 &#8211; 07\/03\/2014 012 &#8211; 28\/02\/2014 011 &#8211; 31\/01\/2014 010 &#8211; 24\/01\/2014 009 &#8211; 13\/12\/2013 008 &#8211; 08\/11\/2013 007 &#8211; 06\/09\/2013 006 &#8211; 19\/07\/2013 005 &#8211; 14\/06\/2013 004 &#8211; 19\/04\/2013 003 &#8211; &hellip; <a class=\"read-excerpt\" href=\"https:\/\/masques.quentagnes.org\/\">Continuer la lecture <span class=\"meta-nav\">&raquo;<\/span><\/a><\/p>\n","protected":false},"author":1,"featured_media":0,"parent":0,"menu_order":0,"comment_status":"open","ping_status":"closed","template":"","meta":{"_s2mail":"yes"},"_links":{"self":[{"href":"https:\/\/masques.quentagnes.org\/index.php?rest_route=\/wp\/v2\/pages\/817"}],"collection":[{"href":"https:\/\/masques.quentagnes.org\/index.php?rest_route=\/wp\/v2\/pages"}],"about":[{"href":"https:\/\/masques.quentagnes.org\/index.php?rest_route=\/wp\/v2\/types\/page"}],"author":[{"embeddable":true,"href":"https:\/\/masques.quentagnes.org\/index.php?rest_route=\/wp\/v2\/users\/1"}],"replies":[{"embeddable":true,"href":"https:\/\/masques.quentagnes.org\/index.php?rest_route=%2Fwp%2Fv2%2Fcomments&post=817"}],"version-history":[{"count":12,"href":"https:\/\/masques.quentagnes.org\/index.php?rest_route=\/wp\/v2\/pages\/817\/revisions"}],"predecessor-version":[{"id":932,"href":"https:\/\/masques.quentagnes.org\/index.php?rest_route=\/wp\/v2\/pages\/817\/revisions\/932"}],"wp:attachment":[{"href":"https:\/\/masques.quentagnes.org\/index.php?rest_route=%2Fwp%2Fv2%2Fmedia&parent=817"}],"curies":[{"name":"wp","href":"https:\/\/api.w.org\/{rel}","templated":true}]}}